{"id":1031,"date":"2025-08-05T15:04:23","date_gmt":"2025-08-05T15:04:23","guid":{"rendered":"https:\/\/techconnectvzla.com\/2025\/?page_id=1031"},"modified":"2025-10-01T15:08:45","modified_gmt":"2025-10-01T19:08:45","slug":"projects","status":"publish","type":"page","link":"https:\/\/techconnectvzla.com\/2025\/projects\/","title":{"rendered":"Areas tematicas"},"content":{"rendered":"\t\t<div data-elementor-type=\"wp-page\" data-elementor-id=\"1031\" class=\"elementor elementor-1031\">\n\t\t\t\t<div class=\"elementor-element elementor-element-c8f2642 e-flex e-con-boxed e-con e-parent\" data-id=\"c8f2642\" data-element_type=\"container\" data-settings=\"{&quot;background_background&quot;:&quot;classic&quot;}\">\n\t\t\t\t\t<div class=\"e-con-inner\">\n\t\t\t\t<div class=\"elementor-element elementor-element-9c81f71 elementor-widget elementor-widget-heading\" data-id=\"9c81f71\" data-element_type=\"widget\" data-widget_type=\"heading.default\">\n\t\t\t\t<div class=\"elementor-widget-container\">\n\t\t\t\t\t<h1 class=\"elementor-heading-title elementor-size-default\">\u00c1reas tem\u00e1ticas<\/h1>\t\t\t\t<\/div>\n\t\t\t\t<\/div>\n\t\t\t\t<div class=\"elementor-element elementor-element-0828825 elementor-widget elementor-widget-text-editor\" data-id=\"0828825\" data-element_type=\"widget\" data-widget_type=\"text-editor.default\">\n\t\t\t\t<div class=\"elementor-widget-container\">\n\t\t\t\t\t\t\t\t\t<p>En TechConnect 2025 exploramos la tecnolog\u00eda que est\u00e1 transformando el mundo.<\/p>\t\t\t\t\t\t\t\t<\/div>\n\t\t\t\t<\/div>\n\t\t\t\t\t<\/div>\n\t\t\t\t<\/div>\n\t\t<div class=\"elementor-element elementor-element-0410c75 e-grid e-con-boxed e-con e-parent\" data-id=\"0410c75\" data-element_type=\"container\">\n\t\t\t\t\t<div class=\"e-con-inner\">\n\t\t\t\t<div class=\"elementor-element elementor-element-fb08a20 elementor-view-framed elementor-shape-circle elementor-position-top elementor-mobile-position-top elementor-widget elementor-widget-icon-box\" data-id=\"fb08a20\" data-element_type=\"widget\" data-widget_type=\"icon-box.default\">\n\t\t\t\t<div class=\"elementor-widget-container\">\n\t\t\t\t\t\t\t<div class=\"elementor-icon-box-wrapper\">\n\n\t\t\t\t\t\t<div class=\"elementor-icon-box-icon\">\n\t\t\t\t<span  class=\"elementor-icon\">\n\t\t\t\t<svg aria-hidden=\"true\" class=\"e-font-icon-svg e-fas-teeth\" viewBox=\"0 0 640 512\" xmlns=\"http:\/\/www.w3.org\/2000\/svg\"><path d=\"M544 0H96C42.98 0 0 42.98 0 96v320c0 53.02 42.98 96 96 96h448c53.02 0 96-42.98 96-96V96c0-53.02-42.98-96-96-96zM160 368c0 26.51-21.49 48-48 48s-48-21.49-48-48v-64c0-8.84 7.16-16 16-16h64c8.84 0 16 7.16 16 16v64zm0-128c0 8.84-7.16 16-16 16H80c-8.84 0-16-7.16-16-16v-64c0-26.51 21.49-48 48-48s48 21.49 48 48v64zm144 120c0 30.93-25.07 56-56 56s-56-25.07-56-56v-56c0-8.84 7.16-16 16-16h80c8.84 0 16 7.16 16 16v56zm0-120c0 8.84-7.16 16-16 16h-80c-8.84 0-16-7.16-16-16v-88c0-30.93 25.07-56 56-56s56 25.07 56 56v88zm144 120c0 30.93-25.07 56-56 56s-56-25.07-56-56v-56c0-8.84 7.16-16 16-16h80c8.84 0 16 7.16 16 16v56zm0-120c0 8.84-7.16 16-16 16h-80c-8.84 0-16-7.16-16-16v-88c0-30.93 25.07-56 56-56s56 25.07 56 56v88zm128 128c0 26.51-21.49 48-48 48s-48-21.49-48-48v-64c0-8.84 7.16-16 16-16h64c8.84 0 16 7.16 16 16v64zm0-128c0 8.84-7.16 16-16 16h-64c-8.84 0-16-7.16-16-16v-64c0-26.51 21.49-48 48-48s48 21.49 48 48v64z\"><\/path><\/svg>\t\t\t\t<\/span>\n\t\t\t<\/div>\n\t\t\t\n\t\t\t\t\t\t<div class=\"elementor-icon-box-content\">\n\n\t\t\t\t\t\t\t\t\t<h3 class=\"elementor-icon-box-title\">\n\t\t\t\t\t\t<span  >\n\t\t\t\t\t\t\tTecnolog\u00eda en acci\u00f3n, conocimiento en expansi\u00f3n\t\t\t\t\t\t<\/span>\n\t\t\t\t\t<\/h3>\n\t\t\t\t\n\t\t\t\t\t\t\t\t\t<p class=\"elementor-icon-box-description\">\n\t\t\t\t\t\t<p style=\"font-size: 24px\">\n- Industria, manufactura, producci\u00f3n<br>\n- Comercio y emprendimiento<br>\n- Salud y bienestar<br>\n- Gastronom\u00eda, turismo y hospitalidad<br>\n- Agroindustria y tecnolog\u00eda agroalimentaria<br>\n- Ciberseguridad e inteligencia artificial\n<\/p>\t\t\t\t\t<\/p>\n\t\t\t\t\n\t\t\t<\/div>\n\t\t\t\n\t\t<\/div>\n\t\t\t\t\t\t<\/div>\n\t\t\t\t<\/div>\n\t\t\t\t<div class=\"elementor-element elementor-element-91fe507 elementor-widget elementor-widget-image\" data-id=\"91fe507\" data-element_type=\"widget\" data-widget_type=\"image.default\">\n\t\t\t\t<div class=\"elementor-widget-container\">\n\t\t\t\t\t\t\t\t\t\t\t\t\t\t\t<img fetchpriority=\"high\" decoding=\"async\" width=\"612\" height=\"344\" src=\"https:\/\/techconnectvzla.com\/2025\/wp-content\/uploads\/2025\/09\/gettyimages-2149530993-612x612-1.jpg\" class=\"attachment-large size-large wp-image-1200\" alt=\"gettyimages 2149530993 612x612\" srcset=\"https:\/\/techconnectvzla.com\/2025\/wp-content\/uploads\/2025\/09\/gettyimages-2149530993-612x612-1.jpg 612w, https:\/\/techconnectvzla.com\/2025\/wp-content\/uploads\/2025\/09\/gettyimages-2149530993-612x612-1-300x169.jpg 300w\" sizes=\"(max-width: 612px) 100vw, 612px\" \/>\t\t\t\t\t\t\t\t\t\t\t\t\t\t\t<\/div>\n\t\t\t\t<\/div>\n\t\t\t\t\t<\/div>\n\t\t\t\t<\/div>\n\t\t<div class=\"elementor-element elementor-element-8097595 e-flex e-con-boxed e-con e-parent\" data-id=\"8097595\" data-element_type=\"container\">\n\t\t\t\t\t<div class=\"e-con-inner\">\n\t\t\t\t<div class=\"elementor-element elementor-element-fa67e3a elementor-widget__width-initial elementor-widget elementor-widget-heading\" data-id=\"fa67e3a\" data-element_type=\"widget\" data-widget_type=\"heading.default\">\n\t\t\t\t<div class=\"elementor-widget-container\">\n\t\t\t\t\t<h2 class=\"elementor-heading-title elementor-size-default\">\u00c1mbitos Tecnol\u00f3gicos destacados<\/h2>\t\t\t\t<\/div>\n\t\t\t\t<\/div>\n\t\t\t\t<div class=\"elementor-element elementor-element-1591103 elementor-widget elementor-widget-text-editor\" data-id=\"1591103\" data-element_type=\"widget\" data-widget_type=\"text-editor.default\">\n\t\t\t\t<div class=\"elementor-widget-container\">\n\t\t\t\t\t\t\t\t\t<p><strong>Durante TechConnect 2025, los asistentes conocer\u00e1n de primera mano las tecnolog\u00edas claves que est\u00e1n marcando el presente y delineando el futuro de las empresas, instituciones y emprendimientos.<\/strong><\/p>\t\t\t\t\t\t\t\t<\/div>\n\t\t\t\t<\/div>\n\t\t\t\t\t<\/div>\n\t\t\t\t<\/div>\n\t\t<div class=\"elementor-element elementor-element-94ef6c8 e-grid e-con-boxed e-con e-parent\" data-id=\"94ef6c8\" data-element_type=\"container\">\n\t\t\t\t\t<div class=\"e-con-inner\">\n\t\t\t\t<div class=\"elementor-element elementor-element-5e38eaf elementor-widget elementor-widget-text-editor\" data-id=\"5e38eaf\" data-element_type=\"widget\" data-widget_type=\"text-editor.default\">\n\t\t\t\t<div class=\"elementor-widget-container\">\n\t\t\t\t\t\t\t\t\t<h5 style=\"text-align: center;\">ALGUNOS DE LOS FOCOS M\u00c1S RELEVANTES<\/h5>\n<p style=\"text-align: right;\"><strong>CIBERSEGURIDAD<\/strong>:<br>Protecci\u00f3n avanzada para entornos digitales cada vez m\u00e1s expuestos<\/p>\n<p style=\"text-align: right;\"><strong>INTELIGENCIA ARTIFICIAL (IA)<\/strong>:<br>Integrada como soluci\u00f3n transversal en m\u00faltiples \u00e1reas, impulsando automatizaci\u00f3n, an\u00e1lisis predictivo y eficiencia operativa.<\/p>\n<p style=\"text-align: right;\"><strong>IoT Y BIG DATA<\/strong>:<br>Optimizaci\u00f3n de procesos, toma de decisiones basada en datos y monitoreo inteligente.<\/p>\n<p style=\"text-align: right;\"><strong>COMPUTACI\u00d3N EN LA NUBE (CLOUD)<\/strong>:<br>Escalabilidad, movilidad, almacenamiento seguros y trabajo remoto sin fronteras, redes y conectividad: Tecnolog\u00edas de Fibra \u00f3ptica, 5G y conectividad satelital como base del desarrollo digital.<\/p>\n<p style=\"text-align: right;\"><strong>SOLUCIONES DIGITALES PARA EMPRESAS<\/strong>:<br>Herramientas adaptadas a las nuevas necesidades de los consumidores.<\/p>\n<p style=\"text-align: right;\"><strong>MEDIOS DE PAGO, OPEN BANKING, COMERCIO ELECTR\u00d3NICO<\/strong>:<br>Explora las soluciones mas innovadoras para tus transacciones financieras.<\/p>\n<p style=\"text-align: right;\"><strong>TECNOLOG\u00cdAS PARA EL RETAIL Y LA INDUSTRIA<\/strong>:<br>Descubre soluciones innovadoras que optimizan la eficiencia operativa del cliente<\/p>\t\t\t\t\t\t\t\t<\/div>\n\t\t\t\t<\/div>\n\t\t\t\t<div class=\"elementor-element elementor-element-0378c57 elementor-widget elementor-widget-image\" data-id=\"0378c57\" data-element_type=\"widget\" data-widget_type=\"image.default\">\n\t\t\t\t<div class=\"elementor-widget-container\">\n\t\t\t\t\t\t\t\t\t\t\t\t\t\t\t<img decoding=\"async\" width=\"612\" height=\"408\" src=\"https:\/\/techconnectvzla.com\/2025\/wp-content\/uploads\/2025\/09\/gettyimages-1469723102-612x612-1.jpg\" class=\"attachment-large size-large wp-image-1215\" alt=\"gettyimages 1469723102 612x612\" srcset=\"https:\/\/techconnectvzla.com\/2025\/wp-content\/uploads\/2025\/09\/gettyimages-1469723102-612x612-1.jpg 612w, https:\/\/techconnectvzla.com\/2025\/wp-content\/uploads\/2025\/09\/gettyimages-1469723102-612x612-1-300x200.jpg 300w\" sizes=\"(max-width: 612px) 100vw, 612px\" \/>\t\t\t\t\t\t\t\t\t\t\t\t\t\t\t<\/div>\n\t\t\t\t<\/div>\n\t\t\t\t\t<\/div>\n\t\t\t\t<\/div>\n\t\t\t\t<\/div>\n\t\t","protected":false},"excerpt":{"rendered":"<p>\u00c1reas tem\u00e1ticas En TechConnect 2025 exploramos la tecnolog\u00eda que est\u00e1 transformando el mundo. Tecnolog\u00eda en acci\u00f3n, conocimiento en expansi\u00f3n &#8211; [&hellip;]<\/p>\n","protected":false},"author":1,"featured_media":0,"parent":0,"menu_order":0,"comment_status":"closed","ping_status":"closed","template":"","meta":{"site-sidebar-layout":"no-sidebar","site-content-layout":"","ast-site-content-layout":"full-width-container","site-content-style":"unboxed","site-sidebar-style":"unboxed","ast-global-header-display":"","ast-banner-title-visibility":"","ast-main-header-display":"","ast-hfb-above-header-display":"","ast-hfb-below-header-display":"","ast-hfb-mobile-header-display":"","site-post-title":"disabled","ast-breadcrumbs-content":"","ast-featured-img":"disabled","footer-sml-layout":"","theme-transparent-header-meta":"enabled","adv-header-id-meta":"","stick-header-meta":"","header-above-stick-meta":"","header-main-stick-meta":"","header-below-stick-meta":"","astra-migrate-meta-layouts":"default","ast-page-background-enabled":"default","ast-page-background-meta":{"desktop":{"background-color":"var(--ast-global-color-4)","background-image":"","background-repeat":"repeat","background-position":"center center","background-size":"auto","background-attachment":"scroll","background-type":"","background-media":"","overlay-type":"","overlay-color":"","overlay-opacity":"","overlay-gradient":""},"tablet":{"background-color":"","background-image":"","background-repeat":"repeat","background-position":"center center","background-size":"auto","background-attachment":"scroll","background-type":"","background-media":"","overlay-type":"","overlay-color":"","overlay-opacity":"","overlay-gradient":""},"mobile":{"background-color":"","background-image":"","background-repeat":"repeat","background-position":"center center","background-size":"auto","background-attachment":"scroll","background-type":"","background-media":"","overlay-type":"","overlay-color":"","overlay-opacity":"","overlay-gradient":""}},"ast-content-background-meta":{"desktop":{"background-color":"var(--ast-global-color-5)","background-image":"","background-repeat":"repeat","background-position":"center center","background-size":"auto","background-attachment":"scroll","background-type":"","background-media":"","overlay-type":"","overlay-color":"","overlay-opacity":"","overlay-gradient":""},"tablet":{"background-color":"var(--ast-global-color-5)","background-image":"","background-repeat":"repeat","background-position":"center center","background-size":"auto","background-attachment":"scroll","background-type":"","background-media":"","overlay-type":"","overlay-color":"","overlay-opacity":"","overlay-gradient":""},"mobile":{"background-color":"var(--ast-global-color-5)","background-image":"","background-repeat":"repeat","background-position":"center center","background-size":"auto","background-attachment":"scroll","background-type":"","background-media":"","overlay-type":"","overlay-color":"","overlay-opacity":"","overlay-gradient":""}},"footnotes":""},"class_list":["post-1031","page","type-page","status-publish","hentry"],"yoast_head":"<!-- This site is optimized with the Yoast SEO plugin v25.7 - https:\/\/yoast.com\/wordpress\/plugins\/seo\/ -->\n<title>Areas tematicas - Tech Connect Venezuela 2025<\/title>\n<meta name=\"robots\" content=\"index, follow, max-snippet:-1, max-image-preview:large, max-video-preview:-1\" \/>\n<link rel=\"canonical\" href=\"https:\/\/techconnectvzla.com\/2025\/projects\/\" \/>\n<meta property=\"og:locale\" content=\"es_ES\" \/>\n<meta property=\"og:type\" content=\"article\" \/>\n<meta property=\"og:title\" content=\"Areas tematicas - Tech Connect Venezuela 2025\" \/>\n<meta property=\"og:description\" content=\"\u00c1reas tem\u00e1ticas En TechConnect 2025 exploramos la tecnolog\u00eda que est\u00e1 transformando el mundo. Tecnolog\u00eda en acci\u00f3n, conocimiento en expansi\u00f3n &#8211; [&hellip;]\" \/>\n<meta property=\"og:url\" content=\"https:\/\/techconnectvzla.com\/2025\/projects\/\" \/>\n<meta property=\"og:site_name\" content=\"Tech Connect Venezuela 2025\" \/>\n<meta property=\"article:modified_time\" content=\"2025-10-01T19:08:45+00:00\" \/>\n<meta property=\"og:image\" content=\"https:\/\/techconnectvzla.com\/2025\/wp-content\/uploads\/2025\/09\/gettyimages-2149530993-612x612-1.jpg\" \/>\n\t<meta property=\"og:image:width\" content=\"612\" \/>\n\t<meta property=\"og:image:height\" content=\"344\" \/>\n\t<meta property=\"og:image:type\" content=\"image\/jpeg\" \/>\n<meta name=\"twitter:card\" content=\"summary_large_image\" \/>\n<meta name=\"twitter:label1\" content=\"Tiempo de lectura\" \/>\n\t<meta name=\"twitter:data1\" content=\"2 minutos\" \/>\n<script type=\"application\/ld+json\" class=\"yoast-schema-graph\">{\"@context\":\"https:\/\/schema.org\",\"@graph\":[{\"@type\":\"WebPage\",\"@id\":\"https:\/\/techconnectvzla.com\/2025\/projects\/\",\"url\":\"https:\/\/techconnectvzla.com\/2025\/projects\/\",\"name\":\"Areas tematicas - Tech Connect Venezuela 2025\",\"isPartOf\":{\"@id\":\"https:\/\/techconnectvzla.com\/2025\/#website\"},\"primaryImageOfPage\":{\"@id\":\"https:\/\/techconnectvzla.com\/2025\/projects\/#primaryimage\"},\"image\":{\"@id\":\"https:\/\/techconnectvzla.com\/2025\/projects\/#primaryimage\"},\"thumbnailUrl\":\"https:\/\/techconnectvzla.com\/2025\/wp-content\/uploads\/2025\/09\/gettyimages-2149530993-612x612-1.jpg\",\"datePublished\":\"2025-08-05T15:04:23+00:00\",\"dateModified\":\"2025-10-01T19:08:45+00:00\",\"breadcrumb\":{\"@id\":\"https:\/\/techconnectvzla.com\/2025\/projects\/#breadcrumb\"},\"inLanguage\":\"es\",\"potentialAction\":[{\"@type\":\"ReadAction\",\"target\":[\"https:\/\/techconnectvzla.com\/2025\/projects\/\"]}]},{\"@type\":\"ImageObject\",\"inLanguage\":\"es\",\"@id\":\"https:\/\/techconnectvzla.com\/2025\/projects\/#primaryimage\",\"url\":\"https:\/\/techconnectvzla.com\/2025\/wp-content\/uploads\/2025\/09\/gettyimages-2149530993-612x612-1.jpg\",\"contentUrl\":\"https:\/\/techconnectvzla.com\/2025\/wp-content\/uploads\/2025\/09\/gettyimages-2149530993-612x612-1.jpg\",\"width\":612,\"height\":344,\"caption\":\"3D rendered digital human head outlined with neon contour lines that resemble a fingerprint's unique swirls, against a deep blue background. Concept of digital identity and security, blending the human element with the precision of technology.\"},{\"@type\":\"BreadcrumbList\",\"@id\":\"https:\/\/techconnectvzla.com\/2025\/projects\/#breadcrumb\",\"itemListElement\":[{\"@type\":\"ListItem\",\"position\":1,\"name\":\"Portada\",\"item\":\"https:\/\/techconnectvzla.com\/2025\/\"},{\"@type\":\"ListItem\",\"position\":2,\"name\":\"Areas tematicas\"}]},{\"@type\":\"WebSite\",\"@id\":\"https:\/\/techconnectvzla.com\/2025\/#website\",\"url\":\"https:\/\/techconnectvzla.com\/2025\/\",\"name\":\"Tech Connect Venezuela 2025\",\"description\":\"Punto de encuentro imprescindible con la vanguardia tecnol\u00f3gica\",\"publisher\":{\"@id\":\"https:\/\/techconnectvzla.com\/2025\/#organization\"},\"potentialAction\":[{\"@type\":\"SearchAction\",\"target\":{\"@type\":\"EntryPoint\",\"urlTemplate\":\"https:\/\/techconnectvzla.com\/2025\/?s={search_term_string}\"},\"query-input\":{\"@type\":\"PropertyValueSpecification\",\"valueRequired\":true,\"valueName\":\"search_term_string\"}}],\"inLanguage\":\"es\"},{\"@type\":\"Organization\",\"@id\":\"https:\/\/techconnectvzla.com\/2025\/#organization\",\"name\":\"Tech Connect Venezuela 2025\",\"url\":\"https:\/\/techconnectvzla.com\/2025\/\",\"logo\":{\"@type\":\"ImageObject\",\"inLanguage\":\"es\",\"@id\":\"https:\/\/techconnectvzla.com\/2025\/#\/schema\/logo\/image\/\",\"url\":\"https:\/\/techconnectvzla.com\/2025\/wp-content\/uploads\/2025\/08\/cropped-logo-techconnect-sinfondo.png\",\"contentUrl\":\"https:\/\/techconnectvzla.com\/2025\/wp-content\/uploads\/2025\/08\/cropped-logo-techconnect-sinfondo.png\",\"width\":268,\"height\":134,\"caption\":\"Tech Connect Venezuela 2025\"},\"image\":{\"@id\":\"https:\/\/techconnectvzla.com\/2025\/#\/schema\/logo\/image\/\"}}]}<\/script>\n<!-- \/ Yoast SEO plugin. -->","yoast_head_json":{"title":"Areas tematicas - Tech Connect Venezuela 2025","robots":{"index":"index","follow":"follow","max-snippet":"max-snippet:-1","max-image-preview":"max-image-preview:large","max-video-preview":"max-video-preview:-1"},"canonical":"https:\/\/techconnectvzla.com\/2025\/projects\/","og_locale":"es_ES","og_type":"article","og_title":"Areas tematicas - Tech Connect Venezuela 2025","og_description":"\u00c1reas tem\u00e1ticas En TechConnect 2025 exploramos la tecnolog\u00eda que est\u00e1 transformando el mundo. Tecnolog\u00eda en acci\u00f3n, conocimiento en expansi\u00f3n &#8211; [&hellip;]","og_url":"https:\/\/techconnectvzla.com\/2025\/projects\/","og_site_name":"Tech Connect Venezuela 2025","article_modified_time":"2025-10-01T19:08:45+00:00","og_image":[{"width":612,"height":344,"url":"https:\/\/techconnectvzla.com\/2025\/wp-content\/uploads\/2025\/09\/gettyimages-2149530993-612x612-1.jpg","type":"image\/jpeg"}],"twitter_card":"summary_large_image","twitter_misc":{"Tiempo de lectura":"2 minutos"},"schema":{"@context":"https:\/\/schema.org","@graph":[{"@type":"WebPage","@id":"https:\/\/techconnectvzla.com\/2025\/projects\/","url":"https:\/\/techconnectvzla.com\/2025\/projects\/","name":"Areas tematicas - Tech Connect Venezuela 2025","isPartOf":{"@id":"https:\/\/techconnectvzla.com\/2025\/#website"},"primaryImageOfPage":{"@id":"https:\/\/techconnectvzla.com\/2025\/projects\/#primaryimage"},"image":{"@id":"https:\/\/techconnectvzla.com\/2025\/projects\/#primaryimage"},"thumbnailUrl":"https:\/\/techconnectvzla.com\/2025\/wp-content\/uploads\/2025\/09\/gettyimages-2149530993-612x612-1.jpg","datePublished":"2025-08-05T15:04:23+00:00","dateModified":"2025-10-01T19:08:45+00:00","breadcrumb":{"@id":"https:\/\/techconnectvzla.com\/2025\/projects\/#breadcrumb"},"inLanguage":"es","potentialAction":[{"@type":"ReadAction","target":["https:\/\/techconnectvzla.com\/2025\/projects\/"]}]},{"@type":"ImageObject","inLanguage":"es","@id":"https:\/\/techconnectvzla.com\/2025\/projects\/#primaryimage","url":"https:\/\/techconnectvzla.com\/2025\/wp-content\/uploads\/2025\/09\/gettyimages-2149530993-612x612-1.jpg","contentUrl":"https:\/\/techconnectvzla.com\/2025\/wp-content\/uploads\/2025\/09\/gettyimages-2149530993-612x612-1.jpg","width":612,"height":344,"caption":"3D rendered digital human head outlined with neon contour lines that resemble a fingerprint's unique swirls, against a deep blue background. Concept of digital identity and security, blending the human element with the precision of technology."},{"@type":"BreadcrumbList","@id":"https:\/\/techconnectvzla.com\/2025\/projects\/#breadcrumb","itemListElement":[{"@type":"ListItem","position":1,"name":"Portada","item":"https:\/\/techconnectvzla.com\/2025\/"},{"@type":"ListItem","position":2,"name":"Areas tematicas"}]},{"@type":"WebSite","@id":"https:\/\/techconnectvzla.com\/2025\/#website","url":"https:\/\/techconnectvzla.com\/2025\/","name":"Tech Connect Venezuela 2025","description":"Punto de encuentro imprescindible con la vanguardia tecnol\u00f3gica","publisher":{"@id":"https:\/\/techconnectvzla.com\/2025\/#organization"},"potentialAction":[{"@type":"SearchAction","target":{"@type":"EntryPoint","urlTemplate":"https:\/\/techconnectvzla.com\/2025\/?s={search_term_string}"},"query-input":{"@type":"PropertyValueSpecification","valueRequired":true,"valueName":"search_term_string"}}],"inLanguage":"es"},{"@type":"Organization","@id":"https:\/\/techconnectvzla.com\/2025\/#organization","name":"Tech Connect Venezuela 2025","url":"https:\/\/techconnectvzla.com\/2025\/","logo":{"@type":"ImageObject","inLanguage":"es","@id":"https:\/\/techconnectvzla.com\/2025\/#\/schema\/logo\/image\/","url":"https:\/\/techconnectvzla.com\/2025\/wp-content\/uploads\/2025\/08\/cropped-logo-techconnect-sinfondo.png","contentUrl":"https:\/\/techconnectvzla.com\/2025\/wp-content\/uploads\/2025\/08\/cropped-logo-techconnect-sinfondo.png","width":268,"height":134,"caption":"Tech Connect Venezuela 2025"},"image":{"@id":"https:\/\/techconnectvzla.com\/2025\/#\/schema\/logo\/image\/"}}]}},"_links":{"self":[{"href":"https:\/\/techconnectvzla.com\/2025\/wp-json\/wp\/v2\/pages\/1031","targetHints":{"allow":["GET"]}}],"collection":[{"href":"https:\/\/techconnectvzla.com\/2025\/wp-json\/wp\/v2\/pages"}],"about":[{"href":"https:\/\/techconnectvzla.com\/2025\/wp-json\/wp\/v2\/types\/page"}],"author":[{"embeddable":true,"href":"https:\/\/techconnectvzla.com\/2025\/wp-json\/wp\/v2\/users\/1"}],"replies":[{"embeddable":true,"href":"https:\/\/techconnectvzla.com\/2025\/wp-json\/wp\/v2\/comments?post=1031"}],"version-history":[{"count":22,"href":"https:\/\/techconnectvzla.com\/2025\/wp-json\/wp\/v2\/pages\/1031\/revisions"}],"predecessor-version":[{"id":1294,"href":"https:\/\/techconnectvzla.com\/2025\/wp-json\/wp\/v2\/pages\/1031\/revisions\/1294"}],"wp:attachment":[{"href":"https:\/\/techconnectvzla.com\/2025\/wp-json\/wp\/v2\/media?parent=1031"}],"curies":[{"name":"wp","href":"https:\/\/api.w.org\/{rel}","templated":true}]}}